{"id":2439,"date":"2025-09-29T10:08:55","date_gmt":"2025-09-29T14:08:55","guid":{"rendered":"https:\/\/unmercado.test.bvrd.com.do\/?page_id=2439"},"modified":"2025-09-29T10:15:37","modified_gmt":"2025-09-29T14:15:37","slug":"terminos-de-usos","status":"publish","type":"page","link":"https:\/\/unmercado.test.bvrd.com.do\/?page_id=2439","title":{"rendered":"T\u00e9rminos de Usos"},"content":{"rendered":"\t\t<div data-elementor-type=\"wp-page\" data-elementor-id=\"2439\" class=\"elementor elementor-2439\" data-elementor-post-type=\"page\">\n\t\t\t\t<div class=\"elementor-element elementor-element-1107c27 e-flex e-con-boxed e-con e-parent\" data-id=\"1107c27\" data-element_type=\"container\" data-e-type=\"container\">\n\t\t\t\t\t<div class=\"e-con-inner\">\n\t\t\t\t<div class=\"elementor-element elementor-element-963071e elementor-widget elementor-widget-heading\" data-id=\"963071e\" data-element_type=\"widget\" data-e-type=\"widget\" data-widget_type=\"heading.default\">\n\t\t\t\t<div class=\"elementor-widget-container\">\n\t\t\t\t\t<h2 class=\"elementor-heading-title elementor-size-default\">T\u00e9rminos de Usos<\/h2>\t\t\t\t<\/div>\n\t\t\t\t<\/div>\n\t\t\t\t\t<\/div>\n\t\t\t\t<\/div>\n\t\t<div class=\"elementor-element elementor-element-4134f0e e-flex e-con-boxed e-con e-parent\" data-id=\"4134f0e\" data-element_type=\"container\" data-e-type=\"container\">\n\t\t\t\t\t<div class=\"e-con-inner\">\n\t\t\t\t<div class=\"elementor-element elementor-element-ed9a10a elementor-widget elementor-widget-text-editor\" data-id=\"ed9a10a\" data-element_type=\"widget\" data-e-type=\"widget\" data-widget_type=\"text-editor.default\">\n\t\t\t\t<div class=\"elementor-widget-container\">\n\t\t\t\t\t\t\t\t\t<ol><li><b> Aceptaci\u00f3n de los T\u00e9rminos<br \/><br \/><\/b><\/li><\/ol><p><span style=\"font-weight: 400;\">Al acceder y usar este sitio web (en adelante, el \u201cSitio\u201d), aceptas quedar sujeto a estos T\u00e9rminos de Uso, as\u00ed como a las pol\u00edticas a las que \u00e9stos remitan (por ejemplo, pol\u00edtica de privacidad). Si no est\u00e1s de acuerdo con estos t\u00e9rminos, por favor no uses el Sitio.<\/span><\/p><ol start=\"2\"><li><b> Uso del Sitio<br \/><br \/><\/b><\/li><\/ol><p><span style=\"font-weight: 400;\">2.1. Solo puedes utilizar el Sitio para fines leg\u00edtimos y de conformidad con la ley.<\/span><\/p><p><span style=\"font-weight: 400;\">2.2. Te comprometes a no usar el Sitio para actividades prohibidas, incluyendo pero no limitado a:<\/span><\/p><p><span style=\"font-weight: 400;\">Violaci\u00f3n de derechos de terceros (derechos de autor, marcas, privacidad).<\/span><\/p><p><span style=\"font-weight: 400;\">Env\u00edo de spam, phishing o publicidad no solicitada.<\/span><\/p><p><span style=\"font-weight: 400;\">Intentos de vulnerar la seguridad del Sitio.<\/span><\/p><p><span style=\"font-weight: 400;\">Ingresar contenidos ofensivos, difamatorios o ilegales.<\/span><\/p><ol start=\"3\"><li><b> Propiedad Intelectual<br \/><br \/><\/b><\/li><\/ol><p><span style=\"font-weight: 400;\">3.1. Todos los contenidos del Sitio \u2014 textos, im\u00e1genes, logos, gr\u00e1ficos, dise\u00f1o, software, etc. \u2014 Son propiedad de la instituci\u00f3n o est\u00e1n licenciados para su uso por el Sitio.<\/span><\/p><p><span style=\"font-weight: 400;\">3.2. No puedes copiar, reproducir, adaptar, distribuir ni explotar los contenidos sin autorizaci\u00f3n expresa por escrito.<\/span><\/p><p><span style=\"font-weight: 400;\">3.3. Si subes contenido (comentarios, opiniones), conservas los derechos sobre \u00e9l, pero otorgas al Sitio una licencia no exclusiva para usar, reproducir, modificar y mostrar ese contenido en la plataforma.<\/span><\/p><ol start=\"4\"><li><b> Enlaces a Terceros<br \/><br \/><\/b><\/li><\/ol><p><span style=\"font-weight: 400;\">El Sitio puede contener enlaces a sitios de terceros. No nos responsabilizamos por el contenido, pol\u00edticas o calidad de esos sitios. El uso de enlaces externos es bajo tu propio riesgo.<\/span><\/p><ol start=\"5\"><li><b> Limitaci\u00f3n de Responsabilidad<br \/><br \/><\/b><\/li><\/ol><p><span style=\"font-weight: 400;\">5.1. El Sitio se proporciona \u201ctal cual\u201d y \u201cseg\u00fan disponibilidad\u201d, sin garant\u00edas expl\u00edcitas ni impl\u00edcitas, incluyendo garant\u00edas de comerciabilidad, idoneidad para un fin particular o no infracci\u00f3n.<\/span><\/p><p><span style=\"font-weight: 400;\">5.2. En ning\u00fan caso seremos responsables por da\u00f1os directos, indirectos, incidentales, punitivos o consecuentes que resulten del uso o la imposibilidad de uso del Sitio.<\/span><\/p><p><span style=\"font-weight: 400;\">5.3. No garantizamos que el Sitio est\u00e9 libre de errores, interrupciones o virus.<\/span><\/p><ol start=\"6\"><li><b> Modificaciones del Sitio y los T\u00e9rminos<br \/><br \/><\/b><\/li><\/ol><p><span style=\"font-weight: 400;\">Nos reservamos el derecho de modificar, suspender o discontinuar cualquier parte del Sitio en cualquier momento. Tambi\u00e9n podemos actualizar estos T\u00e9rminos de Uso peri\u00f3dicamente. Las versiones m\u00e1s recientes entrar\u00e1n en vigor desde su publicaci\u00f3n. Tu uso continuado del Sitio implica que aceptas los cambios.<\/span><\/p><ol start=\"7\"><li><b> Suspensi\u00f3n y Terminaci\u00f3n<br \/><br \/><\/b><\/li><\/ol><p><span style=\"font-weight: 400;\">Podemos, a nuestra discreci\u00f3n, suspender o cancelar tu acceso al Sitio (temporal o permanentemente) en caso de violaci\u00f3n de estos T\u00e9rminos o por razones de seguridad, mantenimiento o comerciales sin previo aviso.<\/span><\/p><ol start=\"8\"><li><b> Ley Aplicable y Jurisdicci\u00f3n<br \/><br \/><\/b><\/li><\/ol><p><span style=\"font-weight: 400;\">Estos T\u00e9rminos se regir\u00e1n e interpretar\u00e1n de acuerdo con las leyes de la Rep\u00fablica Dominicana. Cualquier disputa relacionada con estos T\u00e9rminos ser\u00e1 sometida a los tribunales competentes en [Ciudad o provincia correspondiente].<\/span><\/p><ol start=\"9\"><li><b> Disposiciones Generales<br \/><br \/><\/b><\/li><\/ol><p><span style=\"font-weight: 400;\">9.1. Si alguna disposici\u00f3n de estos T\u00e9rminos se considera inv\u00e1lida o inaplicable, esa disposici\u00f3n ser\u00e1 eliminada o limitada, pero las dem\u00e1s disposiciones seguir\u00e1n en pleno vigor.<\/span><\/p><p><span style=\"font-weight: 400;\">9.2. El no ejercer un derecho bajo estos T\u00e9rminos no implica renuncia al mismo.<\/span><\/p><p><span style=\"font-weight: 400;\">9.3. Estos T\u00e9rminos constituyen el acuerdo completo entre t\u00fa y el Sitio en relaci\u00f3n con el uso del Sitio, y sustituyen cualquier versi\u00f3n previa.<\/span><\/p><ol start=\"10\"><li><b> Informaci\u00f3n de Contacto<br \/><br \/><\/b><\/li><\/ol><p><span style=\"font-weight: 400;\">Si tienes preguntas o comentarios sobre estos T\u00e9rminos de Uso, puedes contactarnos en:<\/span><\/p><p><b>Correo:<\/b><span style=\"font-weight: 400;\"> info@unmercado.com.do<\/span><\/p><p><b>Direcci\u00f3n:<\/b><span style=\"font-weight: 400;\"> C. Jos\u00e9 A. Brea Pe\u00f1a 14, Santo Domingo.<\/span><\/p>\t\t\t\t\t\t\t\t<\/div>\n\t\t\t\t<\/div>\n\t\t\t\t\t<\/div>\n\t\t\t\t<\/div>\n\t\t\t\t<\/div>\n\t\t","protected":false},"excerpt":{"rendered":"<p>T\u00e9rminos de Usos Aceptaci\u00f3n de los T\u00e9rminos Al acceder y usar este sitio web (en adelante, el \u201cSitio\u201d), aceptas quedar sujeto a estos T\u00e9rminos de Uso, as\u00ed como a las pol\u00edticas a las que \u00e9stos remitan (por ejemplo, pol\u00edtica de privacidad). Si no est\u00e1s de acuerdo con estos t\u00e9rminos, por favor no uses el Sitio. [&hellip;]<\/p>\n","protected":false},"author":1,"featured_media":0,"parent":0,"menu_order":0,"comment_status":"closed","ping_status":"closed","template":"","meta":{"footnotes":""},"class_list":["post-2439","page","type-page","status-publish","hentry"],"_links":{"self":[{"href":"https:\/\/unmercado.test.bvrd.com.do\/index.php?rest_route=\/wp\/v2\/pages\/2439","targetHints":{"allow":["GET"]}}],"collection":[{"href":"https:\/\/unmercado.test.bvrd.com.do\/index.php?rest_route=\/wp\/v2\/pages"}],"about":[{"href":"https:\/\/unmercado.test.bvrd.com.do\/index.php?rest_route=\/wp\/v2\/types\/page"}],"author":[{"embeddable":true,"href":"https:\/\/unmercado.test.bvrd.com.do\/index.php?rest_route=\/wp\/v2\/users\/1"}],"replies":[{"embeddable":true,"href":"https:\/\/unmercado.test.bvrd.com.do\/index.php?rest_route=%2Fwp%2Fv2%2Fcomments&post=2439"}],"version-history":[{"count":16,"href":"https:\/\/unmercado.test.bvrd.com.do\/index.php?rest_route=\/wp\/v2\/pages\/2439\/revisions"}],"predecessor-version":[{"id":2455,"href":"https:\/\/unmercado.test.bvrd.com.do\/index.php?rest_route=\/wp\/v2\/pages\/2439\/revisions\/2455"}],"wp:attachment":[{"href":"https:\/\/unmercado.test.bvrd.com.do\/index.php?rest_route=%2Fwp%2Fv2%2Fmedia&parent=2439"}],"curies":[{"name":"wp","href":"https:\/\/api.w.org\/{rel}","templated":true}]}}